{"id":3602,"date":"2017-10-09T20:30:28","date_gmt":"2017-10-09T20:30:28","guid":{"rendered":"https:\/\/canadawmg.withlucid.com\/our-philosophy\/"},"modified":"2023-07-31T08:28:47","modified_gmt":"2023-07-31T12:28:47","slug":"notre-philosophie","status":"publish","type":"page","link":"https:\/\/canadawmg.withlucid.com\/fr\/notre-philosophie\/","title":{"rendered":"Notre Philosophie"},"content":{"rendered":"<h3>Notre Philosophie<\/h3>\n<p>Aujourd&rsquo;hui plus que jamais, nos investisseurs reconnaissent la valeur des conseils professionnels ind\u00e9pendants sans conflits d&rsquo;int\u00e9r\u00eats.<\/p>\n<p>Nous avons une philosophie d&rsquo;investissement bas\u00e9e sur un contact \u00e9troit et une connaissance approfondie des besoins et des objectifs de nos clients. Plus que tout, nous croyons fermement qu&rsquo;il faut \u00e9duquer nos clients sur l&rsquo;\u00e9quilibre essentiel entre les horizons temporels, la tol\u00e9rance au risque et les b\u00e9n\u00e9fices attendus.<\/p>\n<p>Ce processus nous permet d&rsquo;optimiser le service que nous fournissons, toujours guid\u00e9 par des politiques d&rsquo;investissement prudentes et le soutien de plus de trois d\u00e9cennies d&rsquo;exp\u00e9rience sur le march\u00e9 boursier.<\/p>\n<p>Forts de cette base solide et en suivant un processus de gestion de patrimoine disciplin\u00e9, nous concevons des strat\u00e9gies d&rsquo;investissement adapt\u00e9es sp\u00e9cifiquement \u00e0 chaque investisseur. Nous concentrons notre \u00e9nergie sur la compr\u00e9hension des besoins qui animent chacun de nos clients, et nous nous effor\u00e7ons de construire et de maintenir des portefeuilles diversifi\u00e9s qui r\u00e9pondent \u00e0 chaque objectif individuel.<\/p>\n","protected":false},"excerpt":{"rendered":"<p>Aujourd&rsquo;hui plus que jamais, nos investisseurs reconnaissent la valeur des conseils professionnels ind\u00e9pendants sans conflits d&rsquo;int\u00e9r\u00eats.<\/p>\n<p>Nous avons une philosophie d&rsquo;investissement bas\u00e9e sur un contact \u00e9troit et une connaissance approfondie des besoins et des objectifs de nos clients. Plus que tout, nous croyons fermement qu&rsquo;il faut \u00e9duquer nos clients sur l&rsquo;\u00e9quilibre essentiel entre les horizons temporels, la tol\u00e9rance au risque et les b\u00e9n\u00e9fices attendus.<\/p>\n","protected":false},"author":1,"featured_media":3603,"parent":0,"menu_order":0,"comment_status":"closed","ping_status":"closed","template":"page-templates\/left-sidebar.php","meta":[],"acf":[],"_links":{"self":[{"href":"https:\/\/canadawmg.withlucid.com\/fr\/wp-json\/wp\/v2\/pages\/3602"}],"collection":[{"href":"https:\/\/canadawmg.withlucid.com\/fr\/wp-json\/wp\/v2\/pages"}],"about":[{"href":"https:\/\/canadawmg.withlucid.com\/fr\/wp-json\/wp\/v2\/types\/page"}],"author":[{"embeddable":true,"href":"https:\/\/canadawmg.withlucid.com\/fr\/wp-json\/wp\/v2\/users\/1"}],"replies":[{"embeddable":true,"href":"https:\/\/canadawmg.withlucid.com\/fr\/wp-json\/wp\/v2\/comments?post=3602"}],"version-history":[{"count":3,"href":"https:\/\/canadawmg.withlucid.com\/fr\/wp-json\/wp\/v2\/pages\/3602\/revisions"}],"predecessor-version":[{"id":3676,"href":"https:\/\/canadawmg.withlucid.com\/fr\/wp-json\/wp\/v2\/pages\/3602\/revisions\/3676"}],"wp:featuredmedia":[{"embeddable":true,"href":"https:\/\/canadawmg.withlucid.com\/fr\/wp-json\/wp\/v2\/media\/3603"}],"wp:attachment":[{"href":"https:\/\/canadawmg.withlucid.com\/fr\/wp-json\/wp\/v2\/media?parent=3602"}],"curies":[{"name":"wp","href":"https:\/\/api.w.org\/{rel}","templated":true}]}}