{"id":3609,"date":"2023-07-31T03:32:03","date_gmt":"2023-07-31T07:32:03","guid":{"rendered":"https:\/\/canadawmg.withlucid.com\/?page_id=3609"},"modified":"2023-08-16T02:10:09","modified_gmt":"2023-08-16T06:10:09","slug":"notre-equipe","status":"publish","type":"page","link":"https:\/\/canadawmg.withlucid.com\/fr\/notre-equipe\/","title":{"rendered":"Notre \u00e9quipe"},"content":{"rendered":"<p><!--\n\n\n<h3>Leadership<\/h3>\n\n\n--><\/p>\n<div class=\"row\">\n<div class=\"col-md-4 text-center\"><img decoding=\"async\" loading=\"lazy\" style=\"margin-bottom: 10px;\" src=\"https:\/\/canadawmg.withlucid.com\/wp-content\/uploads\/Edan-Howell-Black-and-White.png\" width=\"400\" height=\"400\" \/><br \/>\n<strong>Edan Howell<\/strong><br \/>\n<em>Pr\u00e9sident et Chef de la Conformit\u00e9<\/em><\/div>\n<div class=\"col-md-8\">\n<p>Edan est un avocat exp\u00e9riment\u00e9, un gestionnaire de portefeuille et un chef d&rsquo;entreprise poss\u00e9dant une expertise approfondie dans les domaines de l&rsquo;investissement international et de la gestion de patrimoine, des march\u00e9s \u00e9mergents, de la r\u00e9glementation des valeurs mobili\u00e8res et des banques, ainsi que du droit public et priv\u00e9. Edan fournit des conseils avis\u00e9s et des services de gestion de portefeuille aux institutions mondiales et aux clients priv\u00e9s ayant des besoins sophistiqu\u00e9s et transfrontaliers.<\/p>\n<p>Les clients d&rsquo;Edan ont besoin de conseils de qualit\u00e9 et de retours sur investissement ; service personnalis\u00e9 et proactif; discr\u00e9tion et confidentialit\u00e9 professionnelles compl\u00e8tes ; et un partenaire de confiance qui investit son propre capital aux c\u00f4t\u00e9s du leur.<\/p>\n<p>Avant de se joindre \u00e0 VectorGlobal, Edan \u00e9tait le chef des activit\u00e9s du groupe consultatif international de la Banque Scotia. Il a aid\u00e9 \u00e0 faire cro\u00eetre les actifs sous gestion \u00e0 plus de 10 milliards de dollars au cours de son mandat. Edan dirige maintenant l&rsquo;une des divisions les plus dynamiques de VectorGlobal WMG. Les op\u00e9rations canadiennes ont \u00e9t\u00e9 un succ\u00e8s malgr\u00e9 leur lancement quelques mois avant la pand\u00e9mie mondiale.<\/p>\n<p>Edan est un gestionnaire de portefeuille enregistr\u00e9 au Canada et est titulaire d&rsquo;une licence FINRA Series 7.<\/p>\n<p>Notre cabinet est fier de compter sur plusieurs conseillers en portefeuille associ\u00e9s, analystes techniques, personnel de vente et de soutien en plus du soutien de notre si\u00e8ge social mondial, VectorGlobal WMG, Inc.<\/p>\n<\/div>\n<\/div>\n<div style=\"margin-top: 30px;\"><\/div>\n<div class=\"row\">\n<div class=\"col-md-4 text-center\"><img decoding=\"async\" loading=\"lazy\" style=\"margin-bottom: 10px;\" src=\"https:\/\/canadawmg.withlucid.com\/wp-content\/uploads\/team-member.png\" width=\"400\" height=\"400\" \/><br \/>\n<strong>Luis Camhi<\/strong><br \/>\n<em>Directeur<\/em><\/div>\n<div class=\"col-md-8\">\n<p>Luis Camhi est un professionnel aux multiples facettes qui a harmonieusement m\u00e9lang\u00e9 ses racines architecturales avec le monde dynamique de la finance. Titulaire d&rsquo;un baccalaur\u00e9at en architecture et design urbain de l&rsquo;Universidad Iberoamericana \u00e0 Mexico et d&rsquo;une multitude de cours d&rsquo;investissement autonomes, Luis s&rsquo;est lanc\u00e9 dans un parcours remarquable en tant que trader senior et expert en investissement au sein de l&rsquo;industrie mondiale de la gestion de patrimoine. La fondation de Luis en architecture et design urbain lui a inculqu\u00e9 une base solide et une approche m\u00e9ticuleuse de l&rsquo;analyse et de la pens\u00e9e cr\u00e9ative. Avec plus de 17 ans d&rsquo;exp\u00e9rience dans le trading, il a perfectionn\u00e9 ses comp\u00e9tences en tant qu&rsquo;analyste des march\u00e9s et trader, en se concentrant sur les strat\u00e9gies de trading \u00e0 long, moyen et court terme sur une large gamme de classes d&rsquo;actifs, y compris les indices, les actions, les options, les devises \u00e9trang\u00e8res. \u00c9change et contrats \u00e0 terme.<\/p>\n<p>Le d\u00e9vouement de Luis \u00e0 son m\u00e9tier est \u00e9vident dans son travail. Son approche unique consiste \u00e0 synth\u00e9tiser des analyses de march\u00e9 techniques et fondamentales descendantes pour identifier les transactions \u00e0 forte probabilit\u00e9 et \u00e9valuer les ratios risque-r\u00e9compense en tirant parti des opportunit\u00e9s de swing trade dans le contexte de portefeuilles ax\u00e9s sur la valeur \u00e0 long terme. Bas\u00e9 \u00e0 Toronto, en Ontario, d\u00e9di\u00e9 \u00e0 l&rsquo;analyse des actions, des options, des contrats \u00e0 terme et des principales paires de devises sur les march\u00e9s FOREX dynamiques.<\/p>\n<\/div>\n<\/div>\n<div style=\"margin-top: 30px;\"><\/div>\n<div class=\"row\">\n<div class=\"col-md-4 text-center\"><img decoding=\"async\" style=\"margin-bottom: 10px;\" src=\"https:\/\/canadawmg.withlucid.com\/wp-content\/uploads\/team-member.png\"><br \/>\n<strong>Saul Lopez<\/strong><br \/>\n<em>Directeur<\/em><\/div>\n<div class=\"col-md-8\">\n<p>Saul est un conseiller en placement exp\u00e9riment\u00e9 avec plus d&rsquo;une d\u00e9cennie d&rsquo;expertise en placement international et en gestion de portefeuille. Saul a guid\u00e9 avec succ\u00e8s des clients fortun\u00e9s dans la prise de d\u00e9cisions d&rsquo;investissement \u00e9clair\u00e9es pour atteindre leurs objectifs financiers. Sa connaissance approfondie des march\u00e9s financiers, combin\u00e9e \u00e0 des recherches et des analyses assidues, lui a permis d&rsquo;identifier des opportunit\u00e9s d&rsquo;investissement dans diff\u00e9rents secteurs et zones g\u00e9ographiques adapt\u00e9es aux besoins des clients. Saul croit fermement \u00e0 l&rsquo;\u00e9tablissement de relations solides fond\u00e9es sur la confiance, la transparence et la communication ouverte.<\/p>\n<p>Avant de rejoindre VectorGlobal, Saul a travaill\u00e9 pour Scotia Wealth Management \u00e0 Toronto, au Canada, dans la division internationale avec une \u00e9quipe d&rsquo;investissement g\u00e9rant environ 1 milliard de dollars. Au cours de son mandat \u00e0 la Banque Scotia, Saul a facilit\u00e9 l&rsquo;approbation et la transition d&rsquo;environ 2 milliards de dollars de comptes de clients internationaux.<\/p>\n<p>Les dipl\u00f4mes de Saul comprennent un baccalaur\u00e9at en administration des affaires internationales de l&rsquo;Universidad Panamericana \u00e0 Guadalajara, au Mexique, et une ma\u00eetrise en administration des affaires (MBA) de la Schulich School of Business de Toronto, au Canada. Il est \u00e9galement gestionnaire de placements agr\u00e9\u00e9 (CIM) au Canada. Saul parle couramment l&rsquo;anglais et l&rsquo;espagnol.<\/p>\n<\/div>\n<\/div>\n<div style=\"margin-top: 30px;\"><\/div>\n<div class=\"row\">\n<div class=\"col-md-4 text-center\"><img decoding=\"async\" loading=\"lazy\" style=\"margin-bottom: 10px;\" src=\"https:\/\/canadawmg.withlucid.com\/wp-content\/uploads\/Chris-Rugel-BW.png\" width=\"400\" height=\"400\" \/><br \/>\n<strong>Christian Rugel<\/strong><br \/>\n<em>Directeur Principal et Gestionnaire de Portefeuille Associ\u00e9<\/em><\/div>\n<div class=\"col-md-8\">\n<p>Christian est un ancien n\u00e9gociateur en titres \u00e0 revenu fixe avec une exp\u00e9rience sur les march\u00e9s obligataires canadiens et internationaux. Cette concentration sp\u00e9cialis\u00e9e \u00e9tait id\u00e9ale pour g\u00e9rer les besoins en titres \u00e0 revenu fixe de portefeuilles tels que ceux des fondations caritatives, des r\u00e9gimes de retraite, des municipalit\u00e9s et des institutions publiques. Ayant g\u00e9r\u00e9 plus de 2 milliards de dollars en volume de transactions par an sur divers bureaux du march\u00e9 des capitaux, il a fait ses preuves dans la compr\u00e9hension et la gestion du monde des taux d&rsquo;int\u00e9r\u00eat, de la dette et des changes mondiaux.<\/p>\n<p>Apr\u00e8s avoir \u00e9tudi\u00e9 la comptabilit\u00e9 au Sheridan College, Christian a d\u00e9cid\u00e9 que le monde des march\u00e9s financiers l&rsquo;int\u00e9ressait davantage et a rejoint le bureau de n\u00e9gociation de RBC March\u00e9s des Capitaux en tant que stagiaire en 1994. Il a rapidement compris les nuances de la n\u00e9gociation et de la volatilit\u00e9 des taux d&rsquo;int\u00e9r\u00eat et a \u00e9t\u00e9 promu sur des march\u00e9s plus en vue \u00e0 New York et \u00e0 Londres, terminant sa carri\u00e8re commerciale au pupitre de n\u00e9gociation des titres \u00e0 revenu fixe des march\u00e9s \u00e9mergents en 2008. Pendant ce temps, Christian a aid\u00e9 \u00e0 g\u00e9rer les portefeuilles de titres \u00e0 revenu fixe de diverses fiducies et fondations de dotation des Cara\u00efbes et d&rsquo;Asie. Ce type d&rsquo;exp\u00e9rience r\u00e9elle du march\u00e9 est rare chez les conseillers. Christian est pass\u00e9 du trading desk \u00e0 la gestion de portefeuille en 2008.<\/p>\n<p>Christian est gestionnaire de portefeuille associ\u00e9 et parle couramment l&rsquo;anglais et l&rsquo;espagnol ainsi qu&rsquo;un fran\u00e7ais limit\u00e9.<\/p>\n<\/div>\n<\/div>\n<div style=\"margin-top: 30px;\"><\/div>\n<div class=\"row\">\n<div class=\"col-md-4 text-center\"><img decoding=\"async\" loading=\"lazy\" style=\"margin-bottom: 10px;\" src=\"https:\/\/canadawmg.withlucid.com\/wp-content\/uploads\/team-member.png\" width=\"400\" height=\"400\" \/><br \/>\n<strong>Liqiao (Jerry) Xie<\/strong><br \/>\n<em>Directeur<\/em><\/div>\n<div class=\"col-md-8\">\n<p>Avec une formation acad\u00e9mique en math\u00e9matiques et en \u00e9conomie et une formation professionnelle en finance et en investissement, Jerry soutient les \u00e9quipes de recherche et de gestion de portefeuille de VectorGlobal afin que la soci\u00e9t\u00e9 puisse fournir des services de conseil sur mesure aux particuliers fortun\u00e9s, aux familles et aux entreprises clientes qui investissent. sur les march\u00e9s financiers nord-am\u00e9ricains. Jerry se concentre particuli\u00e8rement sur les clients de la r\u00e9gion Asie-Pacifique. Jerry se concentre sur l&rsquo;analyse fondamentale et la m\u00e9thodologie d&rsquo;investissement ax\u00e9e sur la valeur et poss\u00e8de une connaissance approfondie de l&rsquo;\u00e9nergie, des m\u00e9taux et d&rsquo;autres secteurs li\u00e9s aux mati\u00e8res premi\u00e8res.<\/p>\n<p>Gr\u00e2ce \u00e0 son exp\u00e9rience ant\u00e9rieure dans une soci\u00e9t\u00e9 de capital-investissement, Jerry a nou\u00e9 des liens solides avec les communaut\u00e9s d&rsquo;affaires asiatiques au Canada. Il a une profonde compr\u00e9hension de leurs besoins d&rsquo;investissement et fournit un service hautement personnalis\u00e9 et proactif pour aider les clients de l&rsquo;entreprise \u00e0 atteindre leurs objectifs d&rsquo;investissement.<\/p>\n<\/div>\n<\/div>\n<p><!--\n\n\n<h3 style=\"text-align:center;\">Headquarters in Miami, FL<\/h3>\n\n\n<img decoding=\"async\" loading=\"lazy\" class=\"aligncenter size-full wp-image-1218\" src=\"https:\/\/canadawmg.withlucid.com\/wp-content\/uploads\/2017\/12\/logo_banner.jpg\" alt=\"\" width=\"2000\" height=\"538\" srcset=\"https:\/\/canadawmg.withlucid.com\/wp-content\/uploads\/2017\/12\/logo_banner.jpg 2000w, https:\/\/canadawmg.withlucid.com\/wp-content\/uploads\/2017\/12\/logo_banner-300x81.jpg 300w, https:\/\/canadawmg.withlucid.com\/wp-content\/uploads\/2017\/12\/logo_banner-1024x275.jpg 1024w, https:\/\/canadawmg.withlucid.com\/wp-content\/uploads\/2017\/12\/logo_banner-768x207.jpg 768w, https:\/\/canadawmg.withlucid.com\/wp-content\/uploads\/2017\/12\/logo_banner-1536x413.jpg 1536w\" sizes=\"(max-width: 2000px) 100vw, 2000px\" \/>\n\n\n<h3 style=\"text-align: center;\">Our Senior Executives<\/h3>\n\n\n[caption id=\"attachment_1170\" align=\"aligncenter\" width=\"1600\"]<img decoding=\"async\" loading=\"lazy\" class=\"wp-image-1170 size-full\" src=\"https:\/\/canadawmg.withlucid.com\/wp-content\/uploads\/2017\/12\/senior_execs_1600.jpg\" alt=\"\" width=\"1600\" height=\"984\" \/> VectorGlobal WMG Senior Executives - Left to Right - Santiago Santos (Chief Compliance Officer) , Eric Ure\u00f1a (Head Trader) , Carlos Gadala-Maria (CEO), Oscar Mejia (CFO), Claudia Batlle (Head of Asset Management), Danilo Narbona (Latam Business Development)[\/caption]\n\n\n<h3 style=\"text-align: center;\">Our Sales Team<\/h3>\n\n\n[caption id=\"attachment_1170\" align=\"aligncenter\" width=\"1024\"]<img decoding=\"async\" loading=\"lazy\" class=\"wp-image-1170 size-full\" src=\"https:\/\/canadawmg.withlucid.com\/wp-content\/uploads\/2019\/03\/Miami-1024x585.jpg\" alt=\"\" width=\"1024\" height=\"585\" \/> Miami[\/caption]\n\n[caption id=\"attachment_1170\" align=\"aligncenter\" width=\"1024\"]<img decoding=\"async\" loading=\"lazy\" class=\"wp-image-1170 size-full\" src=\"https:\/\/canadawmg.withlucid.com\/wp-content\/uploads\/2019\/03\/Colombia-1024x512.jpg\" alt=\"\" width=\"1024\" height=\"512\" \/> Colombia[\/caption]\n\n[caption id=\"attachment_1170\" align=\"aligncenter\" width=\"1024\"]<img decoding=\"async\" loading=\"lazy\" class=\"wp-image-1170 size-full\" src=\"https:\/\/canadawmg.withlucid.com\/wp-content\/uploads\/2019\/03\/Chile-1024x556.jpg\" alt=\"\" width=\"1024\" height=\"556\" \/> Chile[\/caption]\n\n[caption id=\"attachment_1170\" align=\"aligncenter\" width=\"1024\"]<img decoding=\"async\" loading=\"lazy\" class=\"wp-image-1170 size-full\" src=\"https:\/\/canadawmg.withlucid.com\/wp-content\/uploads\/2019\/03\/Peru-1024x513.jpg\" alt=\"\" width=\"1024\" height=\"513\" \/> Peru[\/caption]\n\n[caption id=\"attachment_1170\" align=\"aligncenter\" width=\"1024\"]<img decoding=\"async\" loading=\"lazy\" class=\"wp-image-1170 size-full\" src=\"https:\/\/canadawmg.withlucid.com\/wp-content\/uploads\/2019\/03\/Venezuela-1024x567.jpg\" alt=\"\" width=\"1024\" height=\"567\" \/> Venezuela[\/caption]\n\n[caption id=\"attachment_1170\" align=\"aligncenter\" width=\"1024\"]<img decoding=\"async\" loading=\"lazy\" class=\"wp-image-1170 size-full\" src=\"https:\/\/canadawmg.withlucid.com\/wp-content\/uploads\/2019\/03\/Ecuador-1024x666.jpg\" alt=\"\" width=\"1024\" height=\"666\" \/> Ecuador[\/caption]\n\n[caption id=\"attachment_1170\" align=\"aligncenter\" width=\"1024\"]<img decoding=\"async\" loading=\"lazy\" class=\"wp-image-1170 size-full\" src=\"https:\/\/canadawmg.withlucid.com\/wp-content\/uploads\/2020\/02\/canada_team-1024x636.jpg\" alt=\"\" width=\"1024\" height=\"636\" \/> Canada[\/caption]\n\n[caption id=\"attachment_1165\" align=\"aligncenter\" width=\"1000\"]<img decoding=\"async\" loading=\"lazy\" class=\"wp-image-1165 size-full\" src=\"https:\/\/canadawmg.withlucid.com\/wp-content\/uploads\/2017\/12\/JCD_1258.jpg\" alt=\"\" width=\"1000\" height=\"668\" srcset=\"https:\/\/canadawmg.withlucid.com\/wp-content\/uploads\/2017\/12\/JCD_1258.jpg 1000w, https:\/\/canadawmg.withlucid.com\/wp-content\/uploads\/2017\/12\/JCD_1258-300x200.jpg 300w, https:\/\/canadawmg.withlucid.com\/wp-content\/uploads\/2017\/12\/JCD_1258-768x513.jpg 768w\" sizes=\"(max-width: 1000px) 100vw, 1000px\" \/> Operations - Miami, FL[\/caption]\n\n[caption id=\"attachment_1166\" align=\"aligncenter\" width=\"1000\"]<img decoding=\"async\" loading=\"lazy\" class=\"wp-image-1166 size-full\" src=\"https:\/\/canadawmg.withlucid.com\/wp-content\/uploads\/2017\/12\/JCD_1371.jpg\" alt=\"\" width=\"1000\" height=\"668\" srcset=\"https:\/\/canadawmg.withlucid.com\/wp-content\/uploads\/2017\/12\/JCD_1371.jpg 1000w, https:\/\/canadawmg.withlucid.com\/wp-content\/uploads\/2017\/12\/JCD_1371-300x200.jpg 300w, https:\/\/canadawmg.withlucid.com\/wp-content\/uploads\/2017\/12\/JCD_1371-768x513.jpg 768w\" sizes=\"(max-width: 1000px) 100vw, 1000px\" \/> Product Analysis - Miami, FL[\/caption]\n\n[caption id=\"attachment_1169\" align=\"aligncenter\" width=\"1000\"]<img decoding=\"async\" loading=\"lazy\" class=\"wp-image-1169 size-full\" src=\"https:\/\/canadawmg.withlucid.com\/wp-content\/uploads\/2017\/12\/JCD_1173.jpg\" alt=\"\" width=\"1000\" height=\"668\" srcset=\"https:\/\/canadawmg.withlucid.com\/wp-content\/uploads\/2017\/12\/JCD_1173.jpg 1000w, https:\/\/canadawmg.withlucid.com\/wp-content\/uploads\/2017\/12\/JCD_1173-300x200.jpg 300w, https:\/\/canadawmg.withlucid.com\/wp-content\/uploads\/2017\/12\/JCD_1173-768x513.jpg 768w\" sizes=\"(max-width: 1000px) 100vw, 1000px\" \/> Trading Desk - Miami, FL[\/caption]\n\n--><\/p>\n","protected":false},"excerpt":{"rendered":"<p>Edan Howell Pr\u00e9sident et Chef de la Conformit\u00e9 Edan est un avocat exp\u00e9riment\u00e9, un gestionnaire de portefeuille et un chef d&rsquo;entreprise poss\u00e9dant une expertise approfondie dans les domaines de l&rsquo;investissement&#8230;<\/p>\n","protected":false},"author":1,"featured_media":2867,"parent":0,"menu_order":0,"comment_status":"closed","ping_status":"closed","template":"page-templates\/left-sidebar.php","meta":[],"acf":[],"_links":{"self":[{"href":"https:\/\/canadawmg.withlucid.com\/fr\/wp-json\/wp\/v2\/pages\/3609"}],"collection":[{"href":"https:\/\/canadawmg.withlucid.com\/fr\/wp-json\/wp\/v2\/pages"}],"about":[{"href":"https:\/\/canadawmg.withlucid.com\/fr\/wp-json\/wp\/v2\/types\/page"}],"author":[{"embeddable":true,"href":"https:\/\/canadawmg.withlucid.com\/fr\/wp-json\/wp\/v2\/users\/1"}],"replies":[{"embeddable":true,"href":"https:\/\/canadawmg.withlucid.com\/fr\/wp-json\/wp\/v2\/comments?post=3609"}],"version-history":[{"count":6,"href":"https:\/\/canadawmg.withlucid.com\/fr\/wp-json\/wp\/v2\/pages\/3609\/revisions"}],"predecessor-version":[{"id":3841,"href":"https:\/\/canadawmg.withlucid.com\/fr\/wp-json\/wp\/v2\/pages\/3609\/revisions\/3841"}],"wp:featuredmedia":[{"embeddable":true,"href":"https:\/\/canadawmg.withlucid.com\/fr\/wp-json\/wp\/v2\/media\/2867"}],"wp:attachment":[{"href":"https:\/\/canadawmg.withlucid.com\/fr\/wp-json\/wp\/v2\/media?parent=3609"}],"curies":[{"name":"wp","href":"https:\/\/api.w.org\/{rel}","templated":true}]}}