{"id":3616,"date":"2023-07-31T04:23:47","date_gmt":"2023-07-31T08:23:47","guid":{"rendered":"https:\/\/canadawmg.withlucid.com\/?page_id=3616"},"modified":"2023-07-31T04:27:02","modified_gmt":"2023-07-31T08:27:02","slug":"cabinet-de-depositaires","status":"publish","type":"page","link":"https:\/\/canadawmg.withlucid.com\/fr\/cabinet-de-depositaires\/","title":{"rendered":"Cabinet de d\u00e9positaires"},"content":{"rendered":"<p>Dans le cadre de nos services, tous les clients de VectorGlobal ont des institutions financi\u00e8res de premier plan pour conserver leurs investissements. Voici les entreprises qui conservent les actifs de nos clients.<\/p>\n<p>Outre la confiance g\u00e9n\u00e9r\u00e9e par nos soci\u00e9t\u00e9s de garde, les investissements de nos clients b\u00e9n\u00e9ficient \u00e9galement de la protection offerte par la Securities Investor Protection Corporation (SIPC) aux \u00c9tats-Unis et le Fonds canadien de protection des \u00e9pargnants (FCP) au Canada.<\/p>\n<h3>Fidelity Clearing Canada ULC<\/h3>\n<p>Fidelity Cleaing Canada ULC (FCC) est notre partenaire d\u00e9positaire au Canada. FCC offre un soutien en mati\u00e8re d&rsquo;ex\u00e9cution, de compensation, de garde et d&rsquo;arri\u00e8re-guichet aux maisons de courtage et aux soci\u00e9t\u00e9s de gestion de portefeuille canadiennes.<\/p>\n<p>FCC est la seule soci\u00e9t\u00e9 de garde et de compensation au Canada qui a acc\u00e8s \u00e0 un vaste r\u00e9seau mondial d&rsquo;expertise. L&rsquo;homologue am\u00e9ricain de FCC, Fidelity Clearing and Custody Solutions \u00ae est l&rsquo;une des plus grandes plateformes de courtage en Am\u00e9rique avec plus de 2,0 billions de dollars am\u00e9ricains d&rsquo;actifs sous administration et plus de 6 millions de comptes.<\/p>\n<p>Pour plus d&rsquo;informations, veuillez cliquer ici: <a href=\"https:\/\/clearing.fidelity.ca\" target=\"_blank\" rel=\"noopener\">clearing.fidelity.ca<\/a><\/p>\n<h3>Pershing, LLC<\/h3>\n<p>Pershing, LLC (Pershing) est une filiale de The Bank of New York Mellon Corporation, le premier fournisseur mondial de services de titres et l&rsquo;une des soci\u00e9t\u00e9s de gestion d&rsquo;actifs les plus importantes au monde. Pershing est le principal fournisseur de services de garde et de liquidation financi\u00e8re du secteur. Pr\u00e9sent dans 20 pays et avec 715 milliards USD d&rsquo;actifs sous sa garde, Pershing propose des services de compensation sur plus de 60 march\u00e9s, l&rsquo;ex\u00e9cution d&rsquo;ordres sur 45 march\u00e9s et un service de change dans plus de 50 devises diff\u00e9rentes.<\/p>\n<p>Fond\u00e9e en 1939, Pershing est membre de toutes les principales bourses des \u00c9tats-Unis et ses filiales internationales sont membres de la Bourse allemande, de la Bourse irlandaise et de la Bourse de Londres.<\/p>\n<p>Pour plus d&rsquo;informations, veuillez cliquer ici: <a href=\"https:\/\/www.pershing.com\/\" target=\"_blank\" rel=\"noopener\">pershing.com<\/a><br \/>\n<!--\n\n\n<h3>Credit Suisse Group AG<\/h3>\n\n\nCredit Suisse was founded in 1856, in order to finance the Gotthard railway. Headquartered in Zurich, they have preserved and created value for over 160 years. They have more than 2 million clients around the world and 1.5 trillon CHF of assets under management.\n\nFor more information, please click here: <a href=\"https:\/\/www.credit-suisse.com\/\" target=\"_blank\" rel=\"noopener\">credit-suisse.com<\/a> --><\/p>\n","protected":false},"excerpt":{"rendered":"<p>Dans le cadre de nos services, tous les clients de VectorGlobal ont des institutions financi\u00e8res de premier plan pour conserver leurs investissements. Voici les entreprises qui conservent les actifs de&#8230;<\/p>\n","protected":false},"author":1,"featured_media":2867,"parent":0,"menu_order":0,"comment_status":"closed","ping_status":"closed","template":"page-templates\/left-sidebar.php","meta":[],"acf":[],"_links":{"self":[{"href":"https:\/\/canadawmg.withlucid.com\/fr\/wp-json\/wp\/v2\/pages\/3616"}],"collection":[{"href":"https:\/\/canadawmg.withlucid.com\/fr\/wp-json\/wp\/v2\/pages"}],"about":[{"href":"https:\/\/canadawmg.withlucid.com\/fr\/wp-json\/wp\/v2\/types\/page"}],"author":[{"embeddable":true,"href":"https:\/\/canadawmg.withlucid.com\/fr\/wp-json\/wp\/v2\/users\/1"}],"replies":[{"embeddable":true,"href":"https:\/\/canadawmg.withlucid.com\/fr\/wp-json\/wp\/v2\/comments?post=3616"}],"version-history":[{"count":3,"href":"https:\/\/canadawmg.withlucid.com\/fr\/wp-json\/wp\/v2\/pages\/3616\/revisions"}],"predecessor-version":[{"id":3619,"href":"https:\/\/canadawmg.withlucid.com\/fr\/wp-json\/wp\/v2\/pages\/3616\/revisions\/3619"}],"wp:featuredmedia":[{"embeddable":true,"href":"https:\/\/canadawmg.withlucid.com\/fr\/wp-json\/wp\/v2\/media\/2867"}],"wp:attachment":[{"href":"https:\/\/canadawmg.withlucid.com\/fr\/wp-json\/wp\/v2\/media?parent=3616"}],"curies":[{"name":"wp","href":"https:\/\/api.w.org\/{rel}","templated":true}]}}