{"id":3620,"date":"2017-10-09T20:31:50","date_gmt":"2017-10-10T00:31:50","guid":{"rendered":"https:\/\/canadawmg.withlucid.com\/vectorglobal-profile\/"},"modified":"2023-07-31T04:54:56","modified_gmt":"2023-07-31T08:54:56","slug":"profil-vectoriel-global","status":"publish","type":"page","link":"https:\/\/canadawmg.withlucid.com\/fr\/profil-vectoriel-global\/","title":{"rendered":"Profil vectoriel global"},"content":{"rendered":"<p>Nous sommes diff\u00e9rents. VectorGlobal n&rsquo;est pas votre soci\u00e9t\u00e9 de gestion de patrimoine traditionnelle. Nous sommes sp\u00e9cialis\u00e9s dans la satisfaction des besoins des clients internationaux ayant des int\u00e9r\u00eats financiers transfrontaliers, ce que d&rsquo;autres institutions h\u00e9sitent \u00e0 faire en raison de leur complexit\u00e9. Nous comprenons les besoins de nos clients afin de pouvoir concevoir des solutions de gestion de patrimoine significatives qui tirent parti de notre pr\u00e9sence dans certaines des juridictions les plus sophistiqu\u00e9es comme les \u00c9tats-Unis, le Canada et la Suisse.<\/p>\n<p>En tant que conseillers financiers et strat\u00e8ges pour les investisseurs individuels, les familles, les entreprises, les fonds institutionnels et les gouvernements, nous fournissons des services de gestion de patrimoine personnalis\u00e9s. Sur la base de principes d&rsquo;investissement conservateurs et de pr\u00e8s de trois d\u00e9cennies d&rsquo;exp\u00e9rience sur les march\u00e9s internationaux, nous d\u00e9veloppons des strat\u00e9gies d&rsquo;investissement individuelles en tenant compte des besoins de nos clients en termes d&rsquo;horizon temporel, de tol\u00e9rance au risque et d&rsquo;attentes de rendement. Gr\u00e2ce \u00e0 notre acc\u00e8s \u00e0 un large \u00e9ventail de produits au niveau mondial, nous satisfaisons les besoins les plus sophistiqu\u00e9s et les plus exigeants de nos clients.<\/p>\n<p>Notre engagement est de travailler sur les besoins financiers individuels de nos clients. Nous identifions les opportunit\u00e9s sur le march\u00e9 mondial et offrons des solutions qui r\u00e9pondent \u00e0 leurs objectifs financiers. Avec l&rsquo;avantage suppl\u00e9mentaire de travailler dans un environnement d&rsquo;architecture ouverte qui \u00e9vite les conflits d&rsquo;int\u00e9r\u00eats et avec la s\u00e9curit\u00e9 d&rsquo;avoir certains des d\u00e9positaires les plus renomm\u00e9s au monde, Fidelity Clearing Canada ULC et Pershing LLC, une filiale de la Bank of New York Mellon Corporation.<\/p>\n<h3>VectorGlobal Investment Advisory Group Canada ULC<\/h3>\n<p>VectorGlobal Canada a ouvert ses bureaux en 2019 et peu de temps apr\u00e8s, il a commenc\u00e9 \u00e0 conna\u00eetre du succ\u00e8s. Des clients du Canada et du monde entier ont identifi\u00e9 la valeur ajout\u00e9e distincte offerte par VectorGlobal. Avec le soutien de la soci\u00e9t\u00e9 m\u00e8re mondiale, VectorGlobal WMG, Inc., VectorGlobal Canada continue de cro\u00eetre.<\/p>\n<h3>VectorGlobal WMG, Inc.<\/h3>\n<p>VectorGlobal WMG, Inc. a \u00e9t\u00e9 cr\u00e9\u00e9e en 1993 en tant qu&rsquo;op\u00e9ration de gestion de patrimoine r\u00e9ussie et nous avons aujourd&rsquo;hui plus de 4 000 clients dans le monde et plus de 3 milliards de dollars am\u00e9ricains sous gestion. Notre si\u00e8ge social est \u00e0 Miami, en Floride, avec des bureaux \u00e0 New York, Houston, en Colombie. VectorGlobal WMG a \u00e9galement des alliances au Chili, en \u00c9quateur, au P\u00e9rou, \u00e0 Singapour, au Canada et au Venezuela. Cela montre nos progr\u00e8s vers une pr\u00e9sence mondiale au profit de nos clients et de nos conseillers en placement.<\/p>\n","protected":false},"excerpt":{"rendered":"<p>Nous sommes diff\u00e9rents. VectorGlobal n&rsquo;est pas votre soci\u00e9t\u00e9 de gestion de patrimoine traditionnelle. Nous sommes sp\u00e9cialis\u00e9s dans la satisfaction des besoins des clients internationaux ayant des int\u00e9r\u00eats financiers transfrontaliers, ce&#8230;<\/p>\n","protected":false},"author":1,"featured_media":3621,"parent":0,"menu_order":0,"comment_status":"closed","ping_status":"closed","template":"page-templates\/left-sidebar.php","meta":[],"acf":[],"_links":{"self":[{"href":"https:\/\/canadawmg.withlucid.com\/fr\/wp-json\/wp\/v2\/pages\/3620"}],"collection":[{"href":"https:\/\/canadawmg.withlucid.com\/fr\/wp-json\/wp\/v2\/pages"}],"about":[{"href":"https:\/\/canadawmg.withlucid.com\/fr\/wp-json\/wp\/v2\/types\/page"}],"author":[{"embeddable":true,"href":"https:\/\/canadawmg.withlucid.com\/fr\/wp-json\/wp\/v2\/users\/1"}],"replies":[{"embeddable":true,"href":"https:\/\/canadawmg.withlucid.com\/fr\/wp-json\/wp\/v2\/comments?post=3620"}],"version-history":[{"count":3,"href":"https:\/\/canadawmg.withlucid.com\/fr\/wp-json\/wp\/v2\/pages\/3620\/revisions"}],"predecessor-version":[{"id":3624,"href":"https:\/\/canadawmg.withlucid.com\/fr\/wp-json\/wp\/v2\/pages\/3620\/revisions\/3624"}],"wp:featuredmedia":[{"embeddable":true,"href":"https:\/\/canadawmg.withlucid.com\/fr\/wp-json\/wp\/v2\/media\/3621"}],"wp:attachment":[{"href":"https:\/\/canadawmg.withlucid.com\/fr\/wp-json\/wp\/v2\/media?parent=3620"}],"curies":[{"name":"wp","href":"https:\/\/api.w.org\/{rel}","templated":true}]}}