{"id":3631,"date":"2023-07-31T05:09:43","date_gmt":"2023-07-31T09:09:43","guid":{"rendered":"https:\/\/canadawmg.withlucid.com\/?page_id=3631"},"modified":"2023-07-31T05:09:43","modified_gmt":"2023-07-31T09:09:43","slug":"gestion-de-patrimoine","status":"publish","type":"page","link":"https:\/\/canadawmg.withlucid.com\/fr\/gestion-de-patrimoine\/","title":{"rendered":"Gestion de patrimoine"},"content":{"rendered":"<h3>Gestion de patrimoine<\/h3>\n<p>Au cours des derni\u00e8res d\u00e9cennies, une approche de vente bas\u00e9e sur les produits a \u00e9t\u00e9 fr\u00e9quemment utilis\u00e9e par le secteur de l&rsquo;investissement. Lorsque les clients souhaitent investir, VectorGlobal WMG utilise ses ressources et son expertise de mani\u00e8re impartiale pour aider nos clients avec tous les diff\u00e9rents produits disponibles sur le march\u00e9 en fonction des objectifs d&rsquo;investissement du client.<\/p>\n<p>En plus de la valeur de cette approche, nous avons adopt\u00e9 une philosophie d&rsquo;investissement bas\u00e9e sur une communication continue avec nos clients. Cela signifie qu&rsquo;au lieu de nous concentrer sur des produits individuels, nous suivons un processus de gestion de patrimoine disciplin\u00e9 et int\u00e9gral r\u00e9gi par les principes suivants :<\/p>\n<ul>\n<li>Comprendre les besoins et les objectifs de nos clients.<\/li>\n<li>Identifier leur tol\u00e9rance au risque.<\/li>\n<li>Mettre en \u0153uvre une approche d&rsquo;investissement diversifi\u00e9e et globale &#8211; \u00e0 la fois dans la classe d&rsquo;actifs, ainsi que dans la diversification sectorielle.<\/li>\n<li>Utiliser une architecture ouverte pour \u00e9viter les conflits d&rsquo;int\u00e9r\u00eats.<\/li>\n<li>Examiner p\u00e9riodiquement le portefeuille pour s&rsquo;adapter aux conditions changeantes du march\u00e9, ainsi qu&rsquo;aux besoins et aux objectifs des clients.<\/li>\n<\/ul>\n","protected":false},"excerpt":{"rendered":"<p>Gestion de patrimoine Au cours des derni\u00e8res d\u00e9cennies, une approche de vente bas\u00e9e sur les produits a \u00e9t\u00e9 fr\u00e9quemment utilis\u00e9e par le secteur de l&rsquo;investissement. Lorsque les clients souhaitent investir,&#8230;<\/p>\n","protected":false},"author":1,"featured_media":2870,"parent":0,"menu_order":0,"comment_status":"closed","ping_status":"closed","template":"page-templates\/left-sidebar.php","meta":[],"acf":[],"_links":{"self":[{"href":"https:\/\/canadawmg.withlucid.com\/fr\/wp-json\/wp\/v2\/pages\/3631"}],"collection":[{"href":"https:\/\/canadawmg.withlucid.com\/fr\/wp-json\/wp\/v2\/pages"}],"about":[{"href":"https:\/\/canadawmg.withlucid.com\/fr\/wp-json\/wp\/v2\/types\/page"}],"author":[{"embeddable":true,"href":"https:\/\/canadawmg.withlucid.com\/fr\/wp-json\/wp\/v2\/users\/1"}],"replies":[{"embeddable":true,"href":"https:\/\/canadawmg.withlucid.com\/fr\/wp-json\/wp\/v2\/comments?post=3631"}],"version-history":[{"count":1,"href":"https:\/\/canadawmg.withlucid.com\/fr\/wp-json\/wp\/v2\/pages\/3631\/revisions"}],"predecessor-version":[{"id":3632,"href":"https:\/\/canadawmg.withlucid.com\/fr\/wp-json\/wp\/v2\/pages\/3631\/revisions\/3632"}],"wp:featuredmedia":[{"embeddable":true,"href":"https:\/\/canadawmg.withlucid.com\/fr\/wp-json\/wp\/v2\/media\/2870"}],"wp:attachment":[{"href":"https:\/\/canadawmg.withlucid.com\/fr\/wp-json\/wp\/v2\/media?parent=3631"}],"curies":[{"name":"wp","href":"https:\/\/api.w.org\/{rel}","templated":true}]}}