{"id":3670,"date":"2023-03-27T01:54:59","date_gmt":"2023-03-27T05:54:59","guid":{"rendered":"https:\/\/canadawmg.withlucid.com\/contact-us\/"},"modified":"2023-07-31T08:58:07","modified_gmt":"2023-07-31T12:58:07","slug":"contactez-nous","status":"publish","type":"page","link":"https:\/\/canadawmg.withlucid.com\/fr\/contactez-nous\/","title":{"rendered":"Contactez nous"},"content":{"rendered":"<p>Si vous souhaitez nous contacter, remplissez le formulaire suivant. Veuillez noter que les champs indiqu\u00e9s (*) sont obligatoires.<br \/><div role=\"form\" class=\"wpcf7\" id=\"wpcf7-f3683-o1\" lang=\"en-US\" dir=\"ltr\">\n<div class=\"screen-reader-response\"><p role=\"status\" aria-live=\"polite\" aria-atomic=\"true\"><\/p> <ul><\/ul><\/div>\n<form action=\"\/fr\/wp-json\/wp\/v2\/pages\/3670#wpcf7-f3683-o1\" method=\"post\" class=\"wpcf7-form init\" novalidate=\"novalidate\" data-status=\"init\">\n<div style=\"display: none;\">\n<input type=\"hidden\" name=\"_wpcf7\" value=\"3683\" \/>\n<input type=\"hidden\" name=\"_wpcf7_version\" value=\"5.6.4\" \/>\n<input type=\"hidden\" name=\"_wpcf7_locale\" value=\"en_US\" \/>\n<input type=\"hidden\" name=\"_wpcf7_unit_tag\" value=\"wpcf7-f3683-o1\" \/>\n<input type=\"hidden\" name=\"_wpcf7_container_post\" value=\"0\" \/>\n<input type=\"hidden\" name=\"_wpcf7_posted_data_hash\" value=\"\" \/>\n<\/div>\n<p><label for=\"nombre\" class=\"d-block\">Nom<\/label><span class=\"wpcf7-form-control-wrap\" data-name=\"nombre\"><input type=\"text\" name=\"nombre\" value=\"\" size=\"40\" class=\"wpcf7-form-control wpcf7-text wpcf7-validates-as-required form-control\" id=\"nombre\" aria-required=\"true\" aria-invalid=\"false\" \/><\/span><\/p>\n<p><label for=\"email\" class=\"d-block\">E-mail<\/label><span class=\"wpcf7-form-control-wrap\" data-name=\"email\"><input type=\"email\" name=\"email\" value=\"\" size=\"40\" class=\"wpcf7-form-control wpcf7-text wpcf7-email wpcf7-validates-as-required wpcf7-validates-as-email form-control\" id=\"email\" aria-required=\"true\" aria-invalid=\"false\" \/><\/span><\/p>\n<p><label for=\"telephone\" class=\"d-block\">T\u00e9l\u00e9phone<\/label><span class=\"wpcf7-form-control-wrap\" data-name=\"telephone\"><input type=\"tel\" name=\"telephone\" value=\"\" size=\"40\" class=\"wpcf7-form-control wpcf7-text wpcf7-tel wpcf7-validates-as-tel form-control\" id=\"telephone\" aria-invalid=\"false\" \/><\/span><\/p>\n<p><label for=\"city\" class=\"d-block\">Ville<\/label><span class=\"wpcf7-form-control-wrap\" data-name=\"city\"><input type=\"text\" name=\"city\" value=\"\" size=\"40\" class=\"wpcf7-form-control wpcf7-text form-control\" id=\"city\" aria-invalid=\"false\" \/><\/span><\/p>\n<p><label for=\"comments\" class=\"d-block\">Commentaires<\/label><span class=\"wpcf7-form-control-wrap\" data-name=\"comments\"><input type=\"text\" name=\"comments\" value=\"\" size=\"40\" class=\"wpcf7-form-control wpcf7-text form-control\" id=\"comments\" aria-invalid=\"false\" \/><\/span><\/p>\n<p><label for=\"invest\" class=\"d-block\">Je veux investir<\/label><span class=\"wpcf7-form-control-wrap\" data-name=\"invest\"><select name=\"invest\" class=\"wpcf7-form-control wpcf7-select form-control\" id=\"invest\" aria-invalid=\"false\"><option value=\"\">---<\/option><option value=\"option one\">option one<\/option><option value=\"option two\">option two<\/option><\/select><\/span><\/p>\n<p><input type=\"submit\" value=\"envoyer   \u2192\" class=\"wpcf7-form-control has-spinner wpcf7-submit btn btn-block btn-contact btn-lg py-4\" \/><\/p>\n<div class=\"wpcf7-response-output\" aria-hidden=\"true\"><\/div><\/form><\/div><\/p>\n&#13;\n<p class=\"has-text-align-center\"><strong>T\u00e9l\u00e9phone:<\/strong><\/p>&#13;\n&#13;\n<p class=\"has-text-align-center\">Pour en savoir plus sur nos services et pour obtenir une \u00e9valuation personnalis\u00e9e, veuillez appeler:\u00a0<br\/><br\/>+1 (416)-802-4290 <!-- + (593)-2-2270-899<br \/>+ (593)-2-2450-814 --><\/p>&#13;\n&#13;\n<p class=\"has-text-align-center\"><strong>Offices : Adresse<\/strong><\/p>&#13;\n&#13;\n<p class=\"has-text-align-center\"><strong>Toronto<\/strong><\/p>&#13;\n&#13;\n<p class=\"has-text-align-center\">Centre Bay Adelaide<br\/>333, rue Bay, bureau 1230<br\/>Toronto, Ontario M5H 2R2, Canada<br\/>Tel: +1-(416)-802-4290<\/p>&#13;\n<!-- <p class=\"has-text-align-center\"><strong>Guayaquil<\/strong><\/p> --><!-- <p class=\"has-text-align-center\">Sucursal Guayaquil<br \/>Puerto Santa Ana, Ciudad del R&iacute;o<br \/>Edificio The Point, Piso 23, Ofic. 2304<br \/>Guayaquil, Ecuador<br \/>Tels: (593) 4 461 5999 \/ 4 388 5958<\/p>  -->&#13;\n<p class=\"has-text-align-center\"><strong>Email:<\/strong><\/p>&#13;\n&#13;\n<p class=\"has-text-align-center\"><a href=\"mailto:ehowell@vectorglobalwmg.com\">ehowell@vectorglobalwmg.com<\/a><br\/><a href=\"mailto:crugel@vectorglobalwmg.com\">crugel@vectorglobalwmg.com<\/a><\/p>&#13;\n","protected":false},"excerpt":{"rendered":"<p>Si vous souhaitez nous contacter, remplissez le formulaire suivant. Veuillez noter que les champs indiqu\u00e9s (*) sont obligatoires. &#13; T\u00e9l\u00e9phone: &#13; &#13; Pour en savoir plus sur nos services et&#8230;<\/p>\n","protected":false},"author":1,"featured_media":3671,"parent":0,"menu_order":0,"comment_status":"closed","ping_status":"closed","template":"page-templates\/left-sidebar.php","meta":[],"acf":[],"_links":{"self":[{"href":"https:\/\/canadawmg.withlucid.com\/fr\/wp-json\/wp\/v2\/pages\/3670"}],"collection":[{"href":"https:\/\/canadawmg.withlucid.com\/fr\/wp-json\/wp\/v2\/pages"}],"about":[{"href":"https:\/\/canadawmg.withlucid.com\/fr\/wp-json\/wp\/v2\/types\/page"}],"author":[{"embeddable":true,"href":"https:\/\/canadawmg.withlucid.com\/fr\/wp-json\/wp\/v2\/users\/1"}],"replies":[{"embeddable":true,"href":"https:\/\/canadawmg.withlucid.com\/fr\/wp-json\/wp\/v2\/comments?post=3670"}],"version-history":[{"count":4,"href":"https:\/\/canadawmg.withlucid.com\/fr\/wp-json\/wp\/v2\/pages\/3670\/revisions"}],"predecessor-version":[{"id":3678,"href":"https:\/\/canadawmg.withlucid.com\/fr\/wp-json\/wp\/v2\/pages\/3670\/revisions\/3678"}],"wp:featuredmedia":[{"embeddable":true,"href":"https:\/\/canadawmg.withlucid.com\/fr\/wp-json\/wp\/v2\/media\/3671"}],"wp:attachment":[{"href":"https:\/\/canadawmg.withlucid.com\/fr\/wp-json\/wp\/v2\/media?parent=3670"}],"curies":[{"name":"wp","href":"https:\/\/api.w.org\/{rel}","templated":true}]}}