{"id":3735,"date":"2023-08-01T02:41:37","date_gmt":"2023-08-01T06:41:37","guid":{"rendered":"https:\/\/canadawmg.withlucid.com\/?page_id=3735"},"modified":"2023-08-01T02:43:13","modified_gmt":"2023-08-01T06:43:13","slug":"clients-institutionnels","status":"publish","type":"page","link":"https:\/\/canadawmg.withlucid.com\/fr\/clients-institutionnels\/","title":{"rendered":"Clients institutionnels"},"content":{"rendered":"<h3>Clients institutionnels<\/h3>\n<p>Nos clients institutionnels ont des besoins tr\u00e8s sp\u00e9cifiques et diversifi\u00e9s. En fonction des objectifs de chaque client, nous int\u00e9grons notre \u00e9quipe de service avec des professionnels des domaines de l&rsquo;analyse de produits, du commerce et des op\u00e9rations pour servir ce segment de client\u00e8le.<\/p>\n<p>Parmi nos clients institutionnels, nous avons des fonds de pension, des gouvernements locaux, des banques commerciales, des soci\u00e9t\u00e9s et des soci\u00e9t\u00e9s de fiducie. Les services que nous offrons sont:<\/p>\n<ul>\n<li>Analyse du portefeuille d&rsquo;investissement et recommandations strat\u00e9giques en fonction des besoins individuels.<\/li>\n<li>Acc\u00e8s aux informations et analyses g\u00e9n\u00e9r\u00e9es par notre service d&rsquo;analyse de produits<\/li>\n<li>Acc\u00e8s direct aux march\u00e9s internationaux gr\u00e2ce \u00e0 nos bureaux de n\u00e9gociation \u00e0 Miami et \u00e0 New York.<\/li>\n<li>Analyse technique et fondamentale des march\u00e9s pertinents pour soutenir le processus de prise de d\u00e9cision de chaque client.<\/li>\n<li>Introducing Broker et accords de compensation avec les institutions financi\u00e8res locales<\/li>\n<\/ul>\n","protected":false},"excerpt":{"rendered":"<p>Clients institutionnels Nos clients institutionnels ont des besoins tr\u00e8s sp\u00e9cifiques et diversifi\u00e9s. En fonction des objectifs de chaque client, nous int\u00e9grons notre \u00e9quipe de service avec des professionnels des domaines&#8230;<\/p>\n","protected":false},"author":1,"featured_media":2870,"parent":0,"menu_order":0,"comment_status":"closed","ping_status":"closed","template":"page-templates\/left-sidebar.php","meta":[],"acf":[],"_links":{"self":[{"href":"https:\/\/canadawmg.withlucid.com\/fr\/wp-json\/wp\/v2\/pages\/3735"}],"collection":[{"href":"https:\/\/canadawmg.withlucid.com\/fr\/wp-json\/wp\/v2\/pages"}],"about":[{"href":"https:\/\/canadawmg.withlucid.com\/fr\/wp-json\/wp\/v2\/types\/page"}],"author":[{"embeddable":true,"href":"https:\/\/canadawmg.withlucid.com\/fr\/wp-json\/wp\/v2\/users\/1"}],"replies":[{"embeddable":true,"href":"https:\/\/canadawmg.withlucid.com\/fr\/wp-json\/wp\/v2\/comments?post=3735"}],"version-history":[{"count":1,"href":"https:\/\/canadawmg.withlucid.com\/fr\/wp-json\/wp\/v2\/pages\/3735\/revisions"}],"predecessor-version":[{"id":3736,"href":"https:\/\/canadawmg.withlucid.com\/fr\/wp-json\/wp\/v2\/pages\/3735\/revisions\/3736"}],"wp:featuredmedia":[{"embeddable":true,"href":"https:\/\/canadawmg.withlucid.com\/fr\/wp-json\/wp\/v2\/media\/2870"}],"wp:attachment":[{"href":"https:\/\/canadawmg.withlucid.com\/fr\/wp-json\/wp\/v2\/media?parent=3735"}],"curies":[{"name":"wp","href":"https:\/\/api.w.org\/{rel}","templated":true}]}}