{"id":3738,"date":"2023-08-01T02:45:18","date_gmt":"2023-08-01T06:45:18","guid":{"rendered":"https:\/\/canadawmg.withlucid.com\/?page_id=3738"},"modified":"2023-08-01T02:46:31","modified_gmt":"2023-08-01T06:46:31","slug":"services-de-courtage","status":"publish","type":"page","link":"https:\/\/canadawmg.withlucid.com\/fr\/services-de-courtage\/","title":{"rendered":"Services de courtage"},"content":{"rendered":"<h3>Services de courtage<\/h3>\n<p>Nous avons notre propre bureau de n\u00e9gociation disponible \u00e0 Miami et \u00e0 New York, ce qui permet \u00e0 nos clients d&rsquo;acc\u00e9der directement aux march\u00e9s mondiaux \u00e0 des prix tr\u00e8s comp\u00e9titifs. Notre ex\u00e9cution comprend des services de courtage sur les march\u00e9s internationaux pour les obligations, les actions et les ETF. structures produits et options.<\/p>\n<p>Au fil des ann\u00e9es, nous avons consolid\u00e9 des relations commerciales avec des contreparties telles que UBS, ING, Barclays Bank, BNP Paribas, Deutsche Bank, HSBC, Soci\u00e9t\u00e9 G\u00e9n\u00e9rale, Morgan Stanley, Citigroup, Bank of America, Royal Bank of Canada, Well Fargo et Bank of New York, avec qui nous n\u00e9gocions et distribuons leurs produits \u00e0 notre client\u00e8le.<\/p>\n<p>En plus d&rsquo;avoir un conseiller, nos clients ont un acc\u00e8s direct \u00e0 notre d\u00e9partement de strat\u00e9gie et d&rsquo;analyse, qui peut aider \u00e0 soutenir toute d\u00e9cision d&rsquo;investissement.<\/p>\n","protected":false},"excerpt":{"rendered":"<p>Services de courtage Nous avons notre propre bureau de n\u00e9gociation disponible \u00e0 Miami et \u00e0 New York, ce qui permet \u00e0 nos clients d&rsquo;acc\u00e9der directement aux march\u00e9s mondiaux \u00e0 des&#8230;<\/p>\n","protected":false},"author":1,"featured_media":2870,"parent":0,"menu_order":0,"comment_status":"closed","ping_status":"closed","template":"page-templates\/left-sidebar.php","meta":[],"acf":[],"_links":{"self":[{"href":"https:\/\/canadawmg.withlucid.com\/fr\/wp-json\/wp\/v2\/pages\/3738"}],"collection":[{"href":"https:\/\/canadawmg.withlucid.com\/fr\/wp-json\/wp\/v2\/pages"}],"about":[{"href":"https:\/\/canadawmg.withlucid.com\/fr\/wp-json\/wp\/v2\/types\/page"}],"author":[{"embeddable":true,"href":"https:\/\/canadawmg.withlucid.com\/fr\/wp-json\/wp\/v2\/users\/1"}],"replies":[{"embeddable":true,"href":"https:\/\/canadawmg.withlucid.com\/fr\/wp-json\/wp\/v2\/comments?post=3738"}],"version-history":[{"count":1,"href":"https:\/\/canadawmg.withlucid.com\/fr\/wp-json\/wp\/v2\/pages\/3738\/revisions"}],"predecessor-version":[{"id":3739,"href":"https:\/\/canadawmg.withlucid.com\/fr\/wp-json\/wp\/v2\/pages\/3738\/revisions\/3739"}],"wp:featuredmedia":[{"embeddable":true,"href":"https:\/\/canadawmg.withlucid.com\/fr\/wp-json\/wp\/v2\/media\/2870"}],"wp:attachment":[{"href":"https:\/\/canadawmg.withlucid.com\/fr\/wp-json\/wp\/v2\/media?parent=3738"}],"curies":[{"name":"wp","href":"https:\/\/api.w.org\/{rel}","templated":true}]}}