{"id":3741,"date":"2023-08-01T02:47:59","date_gmt":"2023-08-01T06:47:59","guid":{"rendered":"https:\/\/canadawmg.withlucid.com\/?page_id=3741"},"modified":"2023-08-01T02:48:41","modified_gmt":"2023-08-01T06:48:41","slug":"gestion-de-fonds-de-pension","status":"publish","type":"page","link":"https:\/\/canadawmg.withlucid.com\/fr\/gestion-de-fonds-de-pension\/","title":{"rendered":"Gestion de fonds de pension"},"content":{"rendered":"<p>VectorGlobal Canada fournit des services de gestion de placement et de conseil \u00e0 de nombreux r\u00e9gimes de retraite de diff\u00e9rentes tailles dans le but d&rsquo;am\u00e9liorer les rendements globaux ajust\u00e9s au risque.<\/p>\n<p>Nous investissons les actifs de retraite conform\u00e9ment \u00e0 des politiques d&rsquo;investissement qui refl\u00e8tent des philosophies et des convictions d&rsquo;investissement prudentes, et conform\u00e9ment \u00e0 l&rsquo;\u00c9nonc\u00e9 des politiques et proc\u00e9dures d&rsquo;investissement (SIP&#038;P) pour les r\u00e9gimes de retraite.<\/p>\n<p>Nous nous conformons au SIP&#038;P et aidons \u00e0 d\u00e9velopper des cibles qui r\u00e9pondent aux objectifs de financement \u00e0 long terme du r\u00e9gime de retraite tout en g\u00e9rant efficacement le risque d&rsquo;investissement gr\u00e2ce \u00e0 la diversification dans plusieurs cat\u00e9gories d&rsquo;actifs.<\/p>\n<p>Nous travaillons en \u00e9troite collaboration avec Integris Pension Management Corp. dans le cadre d&rsquo;un programme visant \u00e0 surveiller les performances des investissements et \u00e0 \u00e9valuer dans quelle mesure VectorGlobal s&rsquo;acquitte de ses responsabilit\u00e9s et obligations envers les clients des r\u00e9gimes de retraite. Nous communiquons r\u00e9guli\u00e8rement \u00e0 Integris sur la performance des investissements et la gestion des risques. Le programme de surveillance permet de s&rsquo;assurer que VectorGlobal g\u00e8re avec prudence les actifs du r\u00e9gime et le risque d&rsquo;investissement au nom des membres du r\u00e9gime, conform\u00e9ment \u00e0 toutes les strat\u00e9gies et politiques d&rsquo;investissement pertinentes.<\/p>\n<p>En travaillant en \u00e9troite collaboration avec Integris, VectorGlobal continuera d&rsquo;atteindre son objectif principal de g\u00e9rer les r\u00e9gimes de retraite de mani\u00e8re efficace et efficiente afin que les r\u00e9gimes puissent fournir les prestations de retraite comme promis et rester abordables pour les membres et les employeurs sur le long terme.<\/p>\n<p>Pour plus d&rsquo;informations, rendez-vous sur: <a href=\"https:\/\/integris-mgt.com\/\" target=\"_blank\" rel=\"noopener\">integris-mgt.com<\/a><\/p>\n","protected":false},"excerpt":{"rendered":"<p>VectorGlobal Canada fournit des services de gestion de placement et de conseil \u00e0 de nombreux r\u00e9gimes de retraite de diff\u00e9rentes tailles dans le but d&rsquo;am\u00e9liorer les rendements globaux ajust\u00e9s au&#8230;<\/p>\n","protected":false},"author":1,"featured_media":2870,"parent":0,"menu_order":0,"comment_status":"closed","ping_status":"closed","template":"page-templates\/left-sidebar.php","meta":[],"acf":[],"_links":{"self":[{"href":"https:\/\/canadawmg.withlucid.com\/fr\/wp-json\/wp\/v2\/pages\/3741"}],"collection":[{"href":"https:\/\/canadawmg.withlucid.com\/fr\/wp-json\/wp\/v2\/pages"}],"about":[{"href":"https:\/\/canadawmg.withlucid.com\/fr\/wp-json\/wp\/v2\/types\/page"}],"author":[{"embeddable":true,"href":"https:\/\/canadawmg.withlucid.com\/fr\/wp-json\/wp\/v2\/users\/1"}],"replies":[{"embeddable":true,"href":"https:\/\/canadawmg.withlucid.com\/fr\/wp-json\/wp\/v2\/comments?post=3741"}],"version-history":[{"count":1,"href":"https:\/\/canadawmg.withlucid.com\/fr\/wp-json\/wp\/v2\/pages\/3741\/revisions"}],"predecessor-version":[{"id":3742,"href":"https:\/\/canadawmg.withlucid.com\/fr\/wp-json\/wp\/v2\/pages\/3741\/revisions\/3742"}],"wp:featuredmedia":[{"embeddable":true,"href":"https:\/\/canadawmg.withlucid.com\/fr\/wp-json\/wp\/v2\/media\/2870"}],"wp:attachment":[{"href":"https:\/\/canadawmg.withlucid.com\/fr\/wp-json\/wp\/v2\/media?parent=3741"}],"curies":[{"name":"wp","href":"https:\/\/api.w.org\/{rel}","templated":true}]}}