{"id":3744,"date":"2023-08-01T02:51:45","date_gmt":"2023-08-01T06:51:45","guid":{"rendered":"https:\/\/canadawmg.withlucid.com\/?page_id=3744"},"modified":"2023-08-01T02:53:59","modified_gmt":"2023-08-01T06:53:59","slug":"equivalents-de-tresorerie","status":"publish","type":"page","link":"https:\/\/canadawmg.withlucid.com\/fr\/equivalents-de-tresorerie\/","title":{"rendered":"\u00c9quivalents de tr\u00e9sorerie"},"content":{"rendered":"<h3>March\u00e9 mon\u00e9taire<\/h3>\n<p>Placements \u00e0 court terme (d&rsquo;un jour \u00e0 un an), obligations telles que bons du Tr\u00e9sor, papier commercial et obligations d&rsquo;une dur\u00e9e inf\u00e9rieure \u00e0 un an. Les fonds du march\u00e9 mon\u00e9taire sont des fonds qui investissent dans ces titres.<\/p>\n<h3>Bons du Tr\u00e9sor<\/h3>\n<p>Un bon du Tr\u00e9sor (T-Bill) est un titre de cr\u00e9ance gouvernemental \u00e0 court terme garanti par le gouvernement f\u00e9d\u00e9ral avec une \u00e9ch\u00e9ance d&rsquo;un an ou moins.<\/p>\n<h3>Papier commercial<\/h3>\n<p>Les billets de tr\u00e9sorerie sont des titres qui sont des obligations non garanties \u00e9mises par une soci\u00e9t\u00e9 pour financer ses besoins de cr\u00e9dit \u00e0 court terme, comme les comptes d\u00e9biteurs et les stocks. Les \u00e9ch\u00e9ances varient g\u00e9n\u00e9ralement de 2 \u00e0 270 jours. Le papier commercial est disponible dans une large gamme de coupures, peut \u00eatre \u00e0 prix r\u00e9duit ou porteur d&rsquo;int\u00e9r\u00eats et a g\u00e9n\u00e9ralement un march\u00e9 secondaire limit\u00e9.<\/p>\n<h3>D\u00e9p\u00f4ts<\/h3>\n<p>Au Canada, on les appelle des certificats de placement garanti (CPG). Aux \u00c9tats-Unis, on les appelle des certificats de d\u00e9p\u00f4t (CD). Il s&rsquo;agit de titres de cr\u00e9ance \u00e0 court ou moyen terme portant int\u00e9r\u00eat. Les d\u00e9p\u00f4ts offrent des taux de rendement plus \u00e9lev\u00e9s que la plupart des investissements comparables, en \u00e9change de l&rsquo;immobilisation de l&rsquo;argent investi pendant la dur\u00e9e de l&rsquo;\u00e9ch\u00e9ance du certificat. L&rsquo;argent retir\u00e9 avant l&rsquo;\u00e9ch\u00e9ance peut faire l&rsquo;objet d&rsquo;une p\u00e9nalit\u00e9.<\/p>\n","protected":false},"excerpt":{"rendered":"<p>March\u00e9 mon\u00e9taire Placements \u00e0 court terme (d&rsquo;un jour \u00e0 un an), obligations telles que bons du Tr\u00e9sor, papier commercial et obligations d&rsquo;une dur\u00e9e inf\u00e9rieure \u00e0 un an. Les fonds du&#8230;<\/p>\n","protected":false},"author":1,"featured_media":2873,"parent":0,"menu_order":0,"comment_status":"closed","ping_status":"closed","template":"page-templates\/left-sidebar.php","meta":[],"acf":[],"_links":{"self":[{"href":"https:\/\/canadawmg.withlucid.com\/fr\/wp-json\/wp\/v2\/pages\/3744"}],"collection":[{"href":"https:\/\/canadawmg.withlucid.com\/fr\/wp-json\/wp\/v2\/pages"}],"about":[{"href":"https:\/\/canadawmg.withlucid.com\/fr\/wp-json\/wp\/v2\/types\/page"}],"author":[{"embeddable":true,"href":"https:\/\/canadawmg.withlucid.com\/fr\/wp-json\/wp\/v2\/users\/1"}],"replies":[{"embeddable":true,"href":"https:\/\/canadawmg.withlucid.com\/fr\/wp-json\/wp\/v2\/comments?post=3744"}],"version-history":[{"count":1,"href":"https:\/\/canadawmg.withlucid.com\/fr\/wp-json\/wp\/v2\/pages\/3744\/revisions"}],"predecessor-version":[{"id":3745,"href":"https:\/\/canadawmg.withlucid.com\/fr\/wp-json\/wp\/v2\/pages\/3744\/revisions\/3745"}],"wp:featuredmedia":[{"embeddable":true,"href":"https:\/\/canadawmg.withlucid.com\/fr\/wp-json\/wp\/v2\/media\/2873"}],"wp:attachment":[{"href":"https:\/\/canadawmg.withlucid.com\/fr\/wp-json\/wp\/v2\/media?parent=3744"}],"curies":[{"name":"wp","href":"https:\/\/api.w.org\/{rel}","templated":true}]}}