{"id":3747,"date":"2023-08-01T02:57:14","date_gmt":"2023-08-01T06:57:14","guid":{"rendered":"https:\/\/canadawmg.withlucid.com\/?page_id=3747"},"modified":"2023-08-01T02:58:24","modified_gmt":"2023-08-01T06:58:24","slug":"revenu-fixe","status":"publish","type":"page","link":"https:\/\/canadawmg.withlucid.com\/fr\/revenu-fixe\/","title":{"rendered":"Revenu fixe"},"content":{"rendered":"<h3>Obligations de qualit\u00e9 investissement<\/h3>\n<p>Les instruments \u00e0 revenu fixe avec notation de cr\u00e9dit Investment Grade peuvent inclure des bons du Tr\u00e9sor, des agences, des municipalit\u00e9s, des entreprises, des flottants, des convertibles et des obligations perp\u00e9tuelles.<\/p>\n<h3>Obligations libell\u00e9es en devises \u00e9trang\u00e8res<\/h3>\n<p>Obligations \u00e9mises \u00e0 l&rsquo;int\u00e9rieur ou \u00e0 l&rsquo;ext\u00e9rieur des \u00c9tats-Unis par des entit\u00e9s nationales ou \u00e9trang\u00e8res dans une devise autre que le dollar am\u00e9ricain.<\/p>\n<h3>Obligations des march\u00e9s \u00e9mergents<\/h3>\n<p>Obligations souveraines et titres \u00e0 revenu fixe, libell\u00e9s en devises locales ou \u00e9trang\u00e8res, \u00e9mis par des soci\u00e9t\u00e9s priv\u00e9es et publiques de pays \u00e9mergents. Les rendements et le risque sont g\u00e9n\u00e9ralement plus \u00e9lev\u00e9s que des titres comparables dans les pays d\u00e9velopp\u00e9s.<\/p>\n<h3>Obligations \u00e0 haut rendement<\/h3>\n<p>Titres not\u00e9s en dessous de Baa par Moody&rsquo;s ou BBB par S&#038;P qui sont consid\u00e9r\u00e9s comme sp\u00e9culatifs. Les obligations \u00e0 haut rendement, \u00e9galement connues sous le nom d&rsquo;obligations de pacotille, ne sont pas consid\u00e9r\u00e9es comme des obligations de qualit\u00e9 en raison de leur probabilit\u00e9 de d\u00e9faut plus \u00e9lev\u00e9e.<\/p>\n<h5>Divulgation : Le risque de taux d&rsquo;int\u00e9r\u00eat est commun \u00e0 toutes les obligations, m\u00eame les bons du Tr\u00e9sor am\u00e9ricain. L&rsquo;\u00e9ch\u00e9ance et le taux du coupon d&rsquo;une obligation ont g\u00e9n\u00e9ralement une incidence sur l&rsquo;\u00e9volution de son prix en raison des variations des taux d&rsquo;int\u00e9r\u00eat du march\u00e9. Un principe d&rsquo;investissement obligataire est que les taux d&rsquo;int\u00e9r\u00eat du march\u00e9 et les prix des obligations \u00e9voluent g\u00e9n\u00e9ralement dans des directions oppos\u00e9es. \u00ab\u00a0Lorsque les taux d&rsquo;int\u00e9r\u00eat du march\u00e9 augmentent, les prix des obligations \u00e0 taux fixe baissent\u00a0\u00bb<\/h5>\n","protected":false},"excerpt":{"rendered":"<p>Obligations de qualit\u00e9 investissement Les instruments \u00e0 revenu fixe avec notation de cr\u00e9dit Investment Grade peuvent inclure des bons du Tr\u00e9sor, des agences, des municipalit\u00e9s, des entreprises, des flottants, des&#8230;<\/p>\n","protected":false},"author":1,"featured_media":2873,"parent":0,"menu_order":0,"comment_status":"closed","ping_status":"closed","template":"page-templates\/left-sidebar.php","meta":[],"acf":[],"_links":{"self":[{"href":"https:\/\/canadawmg.withlucid.com\/fr\/wp-json\/wp\/v2\/pages\/3747"}],"collection":[{"href":"https:\/\/canadawmg.withlucid.com\/fr\/wp-json\/wp\/v2\/pages"}],"about":[{"href":"https:\/\/canadawmg.withlucid.com\/fr\/wp-json\/wp\/v2\/types\/page"}],"author":[{"embeddable":true,"href":"https:\/\/canadawmg.withlucid.com\/fr\/wp-json\/wp\/v2\/users\/1"}],"replies":[{"embeddable":true,"href":"https:\/\/canadawmg.withlucid.com\/fr\/wp-json\/wp\/v2\/comments?post=3747"}],"version-history":[{"count":1,"href":"https:\/\/canadawmg.withlucid.com\/fr\/wp-json\/wp\/v2\/pages\/3747\/revisions"}],"predecessor-version":[{"id":3748,"href":"https:\/\/canadawmg.withlucid.com\/fr\/wp-json\/wp\/v2\/pages\/3747\/revisions\/3748"}],"wp:featuredmedia":[{"embeddable":true,"href":"https:\/\/canadawmg.withlucid.com\/fr\/wp-json\/wp\/v2\/media\/2873"}],"wp:attachment":[{"href":"https:\/\/canadawmg.withlucid.com\/fr\/wp-json\/wp\/v2\/media?parent=3747"}],"curies":[{"name":"wp","href":"https:\/\/api.w.org\/{rel}","templated":true}]}}