{"id":3751,"date":"2023-08-01T02:59:43","date_gmt":"2023-08-01T06:59:43","guid":{"rendered":"https:\/\/canadawmg.withlucid.com\/?page_id=3751"},"modified":"2023-08-01T03:00:06","modified_gmt":"2023-08-01T07:00:06","slug":"actions","status":"publish","type":"page","link":"https:\/\/canadawmg.withlucid.com\/fr\/actions\/","title":{"rendered":"Actions"},"content":{"rendered":"<h3>Actions ordinaires<\/h3>\n<p>Ces titres repr\u00e9sentent une participation dans une soci\u00e9t\u00e9 \u00e9mise aux \u00c9tats-Unis ou \u00e0 l&rsquo;\u00e9tranger.<\/p>\n<h3>Actions privil\u00e9gi\u00e9es*<\/h3>\n<p>Elles peuvent avoir une \u00e9ch\u00e9ance fixe, \u00eatre perp\u00e9tuelles ou avoir un dividende fixe ou variable. Les actions privil\u00e9gi\u00e9es sont des actions de capital, qui fournissent un dividende sp\u00e9cifique, qui est pay\u00e9 avant tout dividende aux d\u00e9tenteurs d&rsquo;actions ordinaires, et qui a pr\u00e9s\u00e9ance sur les actions ordinaires en cas de liquidation.<\/p>\n<p>*Les dividendes vers\u00e9s sur les actions privil\u00e9gi\u00e9es ne sont pas garantis et peuvent fluctuer d&rsquo;un trimestre \u00e0 l&rsquo;autre. De plus, comme pour tout investissement, il existe un risque de d\u00e9faut sur les actions privil\u00e9gi\u00e9es. La valeur par d\u00e9faut est l\u00e9g\u00e8rement diff\u00e9rente avec les actions privil\u00e9gi\u00e9es. La plupart des actions privil\u00e9gi\u00e9es peuvent retarder le paiement de leurs dividendes\/int\u00e9r\u00eats sans \u00eatre en d\u00e9faut.<\/p>\n<h3>Fonds n\u00e9goci\u00e9s en bourse(ETF)<\/h3>\n<p>Ce sont des titres qui suivent un indice et peuvent \u00eatre n\u00e9goci\u00e9s comme une action. \u00c9tant donn\u00e9 que les ETF sont n\u00e9goci\u00e9s en bourse, ils offrent une liquidit\u00e9 quotidienne et peuvent \u00eatre achet\u00e9s et vendus \u00e0 tout moment de la journ\u00e9e.<\/p>\n<h3>Certificats am\u00e9ricains de d\u00e9p\u00f4t (ADR)<\/h3>\n<p>Les ADR sont des certificats n\u00e9gociables \u00e9mis par une banque am\u00e9ricaine et repr\u00e9sentent un nombre sp\u00e9cifique d&rsquo;actions \u00e9trang\u00e8res n\u00e9goci\u00e9es sur une bourse am\u00e9ricaine.<\/p>\n<h3>IIntroductions en bourse (IPO)<\/h3>\n<p>Les introductions en bourse offrent la possibilit\u00e9 de participer \u00e0 la premi\u00e8re vente d&rsquo;actions par une soci\u00e9t\u00e9 priv\u00e9e au public.<\/p>\n","protected":false},"excerpt":{"rendered":"<p>Actions ordinaires Ces titres repr\u00e9sentent une participation dans une soci\u00e9t\u00e9 \u00e9mise aux \u00c9tats-Unis ou \u00e0 l&rsquo;\u00e9tranger. Actions privil\u00e9gi\u00e9es* Elles peuvent avoir une \u00e9ch\u00e9ance fixe, \u00eatre perp\u00e9tuelles ou avoir un dividende&#8230;<\/p>\n","protected":false},"author":1,"featured_media":2873,"parent":0,"menu_order":0,"comment_status":"closed","ping_status":"closed","template":"page-templates\/left-sidebar.php","meta":[],"acf":[],"_links":{"self":[{"href":"https:\/\/canadawmg.withlucid.com\/fr\/wp-json\/wp\/v2\/pages\/3751"}],"collection":[{"href":"https:\/\/canadawmg.withlucid.com\/fr\/wp-json\/wp\/v2\/pages"}],"about":[{"href":"https:\/\/canadawmg.withlucid.com\/fr\/wp-json\/wp\/v2\/types\/page"}],"author":[{"embeddable":true,"href":"https:\/\/canadawmg.withlucid.com\/fr\/wp-json\/wp\/v2\/users\/1"}],"replies":[{"embeddable":true,"href":"https:\/\/canadawmg.withlucid.com\/fr\/wp-json\/wp\/v2\/comments?post=3751"}],"version-history":[{"count":1,"href":"https:\/\/canadawmg.withlucid.com\/fr\/wp-json\/wp\/v2\/pages\/3751\/revisions"}],"predecessor-version":[{"id":3752,"href":"https:\/\/canadawmg.withlucid.com\/fr\/wp-json\/wp\/v2\/pages\/3751\/revisions\/3752"}],"wp:featuredmedia":[{"embeddable":true,"href":"https:\/\/canadawmg.withlucid.com\/fr\/wp-json\/wp\/v2\/media\/2873"}],"wp:attachment":[{"href":"https:\/\/canadawmg.withlucid.com\/fr\/wp-json\/wp\/v2\/media?parent=3751"}],"curies":[{"name":"wp","href":"https:\/\/api.w.org\/{rel}","templated":true}]}}