{"id":3754,"date":"2023-08-01T03:16:41","date_gmt":"2023-08-01T07:16:41","guid":{"rendered":"https:\/\/canadawmg.withlucid.com\/?page_id=3754"},"modified":"2023-08-01T03:20:14","modified_gmt":"2023-08-01T07:20:14","slug":"fonds-communs-de-placement-et-sma","status":"publish","type":"page","link":"https:\/\/canadawmg.withlucid.com\/fr\/fonds-communs-de-placement-et-sma\/","title":{"rendered":"Fonds communs de placement et SMA"},"content":{"rendered":"<h3>Fonds communs de placement et SMA<\/h3>\n<p>Depuis sa cr\u00e9ation, VectorGlobal WMG s&rsquo;est engag\u00e9 \u00e0 promouvoir un mod\u00e8le d&rsquo;architecture ouverte qui offre \u00e0 nos clients l&rsquo;acc\u00e8s \u00e0 des gestionnaires de fonds externes de renom ayant une exp\u00e9rience \u00e9prouv\u00e9e et un palmar\u00e8s r\u00e9ussi.<\/p>\n<p>Pour renforcer cet objectif, nous avons cr\u00e9\u00e9 des alliances strat\u00e9giques avec des familles de fonds reconnues mondialement. Nos clients ont acc\u00e8s \u00e0 plus de 240 fonds communs de placement et 275 comptes g\u00e9r\u00e9s s\u00e9par\u00e9ment (SMA). Parmi ceux-ci figurent:<\/p>\n<ul>\n<li>Alliance Bernstein<\/li>\n<li>Investec<\/li>\n<li>Permal<\/li>\n<li>BlackRock<\/li>\n<li>Morgan Stanley<\/li>\n<li>Pioneer<\/li>\n<li>Fidelity<\/li>\n<li>Legg Mason<\/li>\n<li>Schroders<\/li>\n<li>Franklin Templeton<\/li>\n<li>Man<\/li>\n<li>Skandia<\/li>\n<li>Invesco<\/li>\n<li>MFS Meridian<\/li>\n<\/ul>\n<p>De plus, par l&rsquo;interm\u00e9diaire de la Sun Life du Canada, nos clients ont acc\u00e8s \u00e0 des contrats de placement avec des garanties de capital, des structures de fiducie et une plateforme de fonds communs de placement distincte. Gr\u00e2ce \u00e0 cet acc\u00e8s mondial aux fonds communs de placement et aux gestionnaires de fonds, nous couvrons pratiquement tous les types d&rsquo;actifs, de secteurs et de zones g\u00e9ographiques auxquels nos clients souhaitent \u00eatre expos\u00e9s.<\/p>\n<p><span style=\"font-weight: bold;\">Divulgation : l&rsquo;investisseur doit demander \u00e0 son conseiller en investissement de vous fournir une copie du prospectus et, le cas \u00e9ch\u00e9ant, du prospectus simplifi\u00e9 qui conseille \u00e0 un investisseur d&rsquo;examiner attentivement les objectifs d&rsquo;investissement, les risques et les frais et d\u00e9penses de la soci\u00e9t\u00e9 d&rsquo;investissement avant d&rsquo;investir. Le prospectus simplifi\u00e9 contient ces informations ainsi que d&rsquo;autres informations sur la soci\u00e9t\u00e9 d&rsquo;investissement. Vous pouvez obtenir le prospectus et le prospectus simplifi\u00e9 directement sur le site Internet de la soci\u00e9t\u00e9 de fonds communs de placement.<\/span><\/p>\n","protected":false},"excerpt":{"rendered":"<p>Fonds communs de placement et SMA Depuis sa cr\u00e9ation, VectorGlobal WMG s&rsquo;est engag\u00e9 \u00e0 promouvoir un mod\u00e8le d&rsquo;architecture ouverte qui offre \u00e0 nos clients l&rsquo;acc\u00e8s \u00e0 des gestionnaires de fonds&#8230;<\/p>\n","protected":false},"author":1,"featured_media":2873,"parent":0,"menu_order":0,"comment_status":"closed","ping_status":"closed","template":"page-templates\/left-sidebar.php","meta":[],"acf":[],"_links":{"self":[{"href":"https:\/\/canadawmg.withlucid.com\/fr\/wp-json\/wp\/v2\/pages\/3754"}],"collection":[{"href":"https:\/\/canadawmg.withlucid.com\/fr\/wp-json\/wp\/v2\/pages"}],"about":[{"href":"https:\/\/canadawmg.withlucid.com\/fr\/wp-json\/wp\/v2\/types\/page"}],"author":[{"embeddable":true,"href":"https:\/\/canadawmg.withlucid.com\/fr\/wp-json\/wp\/v2\/users\/1"}],"replies":[{"embeddable":true,"href":"https:\/\/canadawmg.withlucid.com\/fr\/wp-json\/wp\/v2\/comments?post=3754"}],"version-history":[{"count":1,"href":"https:\/\/canadawmg.withlucid.com\/fr\/wp-json\/wp\/v2\/pages\/3754\/revisions"}],"predecessor-version":[{"id":3755,"href":"https:\/\/canadawmg.withlucid.com\/fr\/wp-json\/wp\/v2\/pages\/3754\/revisions\/3755"}],"wp:featuredmedia":[{"embeddable":true,"href":"https:\/\/canadawmg.withlucid.com\/fr\/wp-json\/wp\/v2\/media\/2873"}],"wp:attachment":[{"href":"https:\/\/canadawmg.withlucid.com\/fr\/wp-json\/wp\/v2\/media?parent=3754"}],"curies":[{"name":"wp","href":"https:\/\/api.w.org\/{rel}","templated":true}]}}