{"id":3757,"date":"2023-08-01T03:19:31","date_gmt":"2023-08-01T07:19:31","guid":{"rendered":"https:\/\/canadawmg.withlucid.com\/?page_id=3757"},"modified":"2023-08-01T03:19:56","modified_gmt":"2023-08-01T07:19:56","slug":"portefeuilles-modeles","status":"publish","type":"page","link":"https:\/\/canadawmg.withlucid.com\/fr\/portefeuilles-modeles\/","title":{"rendered":"Portefeuilles mod\u00e8les"},"content":{"rendered":"<h3>Portefeuilles mod\u00e8les<\/h3>\n<p>Dans le but d&rsquo;aider nos clients dans la construction de portefeuilles diversifi\u00e9s, VectorGlobal WMG con\u00e7oit et surveille plusieurs portefeuilles mod\u00e8les bas\u00e9s sur un vaste univers de fonds communs de placement reconnus.<\/p>\n<p>P\u00e9riodiquement, notre comit\u00e9 d&rsquo;investissement \u00e9tudie plus de 240 fonds communs de placement et fonds n\u00e9goci\u00e9s en bourse (ETF) qui repr\u00e9sentent diff\u00e9rentes classes d&rsquo;actifs, zones g\u00e9ographiques, industries et strat\u00e9gies d&rsquo;investissement. Ceci est r\u00e9alis\u00e9 par un processus d&rsquo;analyse. Chaque fonds est class\u00e9, regroup\u00e9 et s\u00e9lectionn\u00e9 pour la construction de ces portefeuilles.<\/p>\n<p>Le r\u00e9sultat de ce processus est des portefeuilles mod\u00e8les qui contiennent diff\u00e9rents profils de risque et offrent \u00e0 nos clients une excellente alternative de diversification.<\/p>\n<p>D\u00e9claration importante : les performances pass\u00e9es ne sont pas indicatives des rendements futurs, et les strat\u00e9gies de distribution d&rsquo;actifs n&rsquo;assurent pas un profit ou ne garantissent pas de tomber dans une perte. Nos clients doivent examiner attentivement les objectifs, les risques, les co\u00fbts et les d\u00e9penses d&rsquo;investissement.<\/p>\n","protected":false},"excerpt":{"rendered":"<p>Portefeuilles mod\u00e8les Dans le but d&rsquo;aider nos clients dans la construction de portefeuilles diversifi\u00e9s, VectorGlobal WMG con\u00e7oit et surveille plusieurs portefeuilles mod\u00e8les bas\u00e9s sur un vaste univers de fonds communs&#8230;<\/p>\n","protected":false},"author":1,"featured_media":2873,"parent":0,"menu_order":0,"comment_status":"closed","ping_status":"closed","template":"page-templates\/left-sidebar.php","meta":[],"acf":[],"_links":{"self":[{"href":"https:\/\/canadawmg.withlucid.com\/fr\/wp-json\/wp\/v2\/pages\/3757"}],"collection":[{"href":"https:\/\/canadawmg.withlucid.com\/fr\/wp-json\/wp\/v2\/pages"}],"about":[{"href":"https:\/\/canadawmg.withlucid.com\/fr\/wp-json\/wp\/v2\/types\/page"}],"author":[{"embeddable":true,"href":"https:\/\/canadawmg.withlucid.com\/fr\/wp-json\/wp\/v2\/users\/1"}],"replies":[{"embeddable":true,"href":"https:\/\/canadawmg.withlucid.com\/fr\/wp-json\/wp\/v2\/comments?post=3757"}],"version-history":[{"count":1,"href":"https:\/\/canadawmg.withlucid.com\/fr\/wp-json\/wp\/v2\/pages\/3757\/revisions"}],"predecessor-version":[{"id":3758,"href":"https:\/\/canadawmg.withlucid.com\/fr\/wp-json\/wp\/v2\/pages\/3757\/revisions\/3758"}],"wp:featuredmedia":[{"embeddable":true,"href":"https:\/\/canadawmg.withlucid.com\/fr\/wp-json\/wp\/v2\/media\/2873"}],"wp:attachment":[{"href":"https:\/\/canadawmg.withlucid.com\/fr\/wp-json\/wp\/v2\/media?parent=3757"}],"curies":[{"name":"wp","href":"https:\/\/api.w.org\/{rel}","templated":true}]}}