{"id":3760,"date":"2023-08-01T03:21:30","date_gmt":"2023-08-01T07:21:30","guid":{"rendered":"https:\/\/canadawmg.withlucid.com\/?page_id=3760"},"modified":"2023-08-01T03:22:24","modified_gmt":"2023-08-01T07:22:24","slug":"autres","status":"publish","type":"page","link":"https:\/\/canadawmg.withlucid.com\/fr\/autres\/","title":{"rendered":"Autres"},"content":{"rendered":"<p>Une diff\u00e9rence identifiable entre VectorGlobal Canada et d\u2019autres soci\u00e9t\u00e9s traditionnelles de gestion de patrimoine est l\u2019utilisation de placements non traditionnels pour diversifier les portefeuilles, ce qui entra\u00eene des rendements ajust\u00e9s au risque plus \u00e9lev\u00e9s.<\/p>\n<h3>Alternatives<\/h3>\n<p>Les placements non traditionnels sont des strat\u00e9gies suppl\u00e9mentaires aux placements traditionnels comme les actions, les obligations et les liquidit\u00e9s. Les placements non traditionnels comprennent des investissements dans des fonds sp\u00e9culatifs, des capitaux priv\u00e9s, des ressources naturelles, des biens immobiliers et des infrastructures. Les strat\u00e9gies de placement non traditionnelles sont g\u00e9n\u00e9ralement des strat\u00e9gies actives de recherche de rendement qui pr\u00e9sentent souvent des caract\u00e9ristiques de risque diff\u00e9rentes de celles des placements traditionnels \u00e0 long terme seulement.<\/p>\n<h3>Op\u00e9rations de change<\/h3>\n<p>Achat et vente de devises mondiales, au comptant et \u00e0 terme.<\/p>\n<h3>Options<\/h3>\n<p>Il s\u2019agit de produits d\u00e9riv\u00e9s financiers qui repr\u00e9sentent un contrat vendu par une partie (auteur d\u2019options) \u00e0 une autre partie (d\u00e9tenteur d\u2019options). Le contrat offre \u00e0 l\u2019acheteur le droit, mais non l\u2019obligation, d\u2019acheter (appeler) ou de vendre (mettre) un titre ou d\u2019autres actifs financiers \u00e0 un prix convenu (le prix d\u2019exercice) pendant une certaine p\u00e9riode ou \u00e0 une date pr\u00e9cise (date d\u2019exercice).<\/p>\n<h3>Produits de cr\u00e9dit<\/h3>\n<p>Pr\u00eats sur marge et pr\u00eats non productifs en fonction des besoins de cr\u00e9dit du client.<\/p>\n<h3>Cartes-ch\u00e8ques et cartes de d\u00e9bit<\/h3>\n<p>Gr\u00e2ce \u00e0 nos services de garde aux \u00c9tats-Unis, des solutions d\u2019\u00e9criture de ch\u00e8ques et de gestion de tr\u00e9sorerie sont disponibles. Les ch\u00e8ques sont tir\u00e9s sur une banque des \u00c9tats-Unis et les clients ont acc\u00e8s \u00e0 leur argent par carte de d\u00e9bit dans les guichets automatiques participants dans le monde entier.<\/p>\n<h5><em>Divulgation : Les produits structur\u00e9s, les options et les autres placements alternatifs sont hautement sp\u00e9culatifs et peuvent entra\u00eener la perte totale du capital investi. VectorGlobal WMG ne fait aucune repr\u00e9sentation quant \u00e0 l\u2019ad\u00e9quation de ces types de produits pour un investisseur particulier ou quant \u00e0 la performance future de ces produits. Avant de prendre toute d\u00e9cision d\u2019investissement, les investisseurs doivent s\u2019assurer qu\u2019ils comprennent parfaitement les risques li\u00e9s au produit et demander des conseils professionnels s\u2019ils le jugent n\u00e9cessaire.<\/em><\/h5>\n","protected":false},"excerpt":{"rendered":"<p>Une diff\u00e9rence identifiable entre VectorGlobal Canada et d\u2019autres soci\u00e9t\u00e9s traditionnelles de gestion de patrimoine est l\u2019utilisation de placements non traditionnels pour diversifier les portefeuilles, ce qui entra\u00eene des rendements ajust\u00e9s&#8230;<\/p>\n","protected":false},"author":1,"featured_media":2873,"parent":0,"menu_order":0,"comment_status":"closed","ping_status":"closed","template":"page-templates\/left-sidebar.php","meta":[],"acf":[],"_links":{"self":[{"href":"https:\/\/canadawmg.withlucid.com\/fr\/wp-json\/wp\/v2\/pages\/3760"}],"collection":[{"href":"https:\/\/canadawmg.withlucid.com\/fr\/wp-json\/wp\/v2\/pages"}],"about":[{"href":"https:\/\/canadawmg.withlucid.com\/fr\/wp-json\/wp\/v2\/types\/page"}],"author":[{"embeddable":true,"href":"https:\/\/canadawmg.withlucid.com\/fr\/wp-json\/wp\/v2\/users\/1"}],"replies":[{"embeddable":true,"href":"https:\/\/canadawmg.withlucid.com\/fr\/wp-json\/wp\/v2\/comments?post=3760"}],"version-history":[{"count":1,"href":"https:\/\/canadawmg.withlucid.com\/fr\/wp-json\/wp\/v2\/pages\/3760\/revisions"}],"predecessor-version":[{"id":3761,"href":"https:\/\/canadawmg.withlucid.com\/fr\/wp-json\/wp\/v2\/pages\/3760\/revisions\/3761"}],"wp:featuredmedia":[{"embeddable":true,"href":"https:\/\/canadawmg.withlucid.com\/fr\/wp-json\/wp\/v2\/media\/2873"}],"wp:attachment":[{"href":"https:\/\/canadawmg.withlucid.com\/fr\/wp-json\/wp\/v2\/media?parent=3760"}],"curies":[{"name":"wp","href":"https:\/\/api.w.org\/{rel}","templated":true}]}}